{"id":92,"date":"2011-07-10T20:11:17","date_gmt":"2011-07-10T19:11:17","guid":{"rendered":"http:\/\/wordpress.benchrest.se\/?page_id=92"},"modified":"2011-08-12T14:15:51","modified_gmt":"2011-08-12T13:15:51","slug":"2008-2","status":"publish","type":"page","link":"http:\/\/www.benchrest.se\/?page_id=92","title":{"rendered":"2008"},"content":{"rendered":"<p><a href=\"http:\/\/www.benchrest.se\/wp-content\/uploads\/2011\/08\/safsen2008.pdf\">S\u00e4fsen SM<\/a><br \/>\n<a href=\"http:\/\/www.benchrest.se\/wp-content\/uploads\/2011\/08\/haggva_cup_2008.pdf\">Haggva Cup<\/a><br \/>\n<a href=\"http:\/\/www.benchrest.se\/wp-content\/uploads\/2011\/08\/EM-Brattvall-2008.pdf\">Brattvall EM<\/a><br \/>\n<a href=\"http:\/\/www.benchrest.se\/wp-content\/uploads\/2011\/08\/NM-Safsen-2008.pdf\">S\u00e4fsen NM<\/a><br \/>\n<a href=\"http:\/\/www.benchrest.se\/wp-content\/uploads\/2011\/08\/Savar-Open-2008.pdf\">S\u00e4var Open<\/a><br \/>\n<a href=\"http:\/\/www.benchrest.se\/wp-content\/uploads\/2011\/08\/webcup2008_6.pdf\">Webcupen<\/a><\/p>\n","protected":false},"excerpt":{"rendered":"<p>S\u00e4fsen SM Haggva Cup Brattvall EM S\u00e4fsen NM S\u00e4var Open Webcupen<\/p>\n","protected":false},"author":2,"featured_media":0,"parent":0,"menu_order":0,"comment_status":"closed","ping_status":"open","template":"","meta":[],"_links":{"self":[{"href":"http:\/\/www.benchrest.se\/index.php?rest_route=\/wp\/v2\/pages\/92"}],"collection":[{"href":"http:\/\/www.benchrest.se\/index.php?rest_route=\/wp\/v2\/pages"}],"about":[{"href":"http:\/\/www.benchrest.se\/index.php?rest_route=\/wp\/v2\/types\/page"}],"author":[{"embeddable":true,"href":"http:\/\/www.benchrest.se\/index.php?rest_route=\/wp\/v2\/users\/2"}],"replies":[{"embeddable":true,"href":"http:\/\/www.benchrest.se\/index.php?rest_route=%2Fwp%2Fv2%2Fcomments&post=92"}],"version-history":[{"count":5,"href":"http:\/\/www.benchrest.se\/index.php?rest_route=\/wp\/v2\/pages\/92\/revisions"}],"predecessor-version":[{"id":379,"href":"http:\/\/www.benchrest.se\/index.php?rest_route=\/wp\/v2\/pages\/92\/revisions\/379"}],"wp:attachment":[{"href":"http:\/\/www.benchrest.se\/index.php?rest_route=%2Fwp%2Fv2%2Fmedia&parent=92"}],"curies":[{"name":"wp","href":"https:\/\/api.w.org\/{rel}","templated":true}]}}