{"id":90,"date":"2011-07-10T20:10:46","date_gmt":"2011-07-10T19:10:46","guid":{"rendered":"http:\/\/wordpress.benchrest.se\/?page_id=90"},"modified":"2011-08-12T14:17:51","modified_gmt":"2011-08-12T13:17:51","slug":"2009-2","status":"publish","type":"page","link":"http:\/\/www.benchrest.se\/?page_id=90","title":{"rendered":"2009"},"content":{"rendered":"<p><a href=\"http:\/\/www.benchrest.se\/wp-content\/uploads\/2011\/08\/resultat2009-brattvall.pdf\">Brattvall-SM<\/a><br \/>\n<a href=\"http:\/\/www.benchrest.se\/wp-content\/uploads\/2011\/08\/safsen-2009.pdf\">S\u00e4fsen-SM Jk Sp<\/a><br \/>\n<a href=\"http:\/\/www.benchrest.se\/wp-content\/uploads\/2011\/08\/savaropen2009.pdf\">S\u00e4var Open<\/a><br \/>\n<a href=\"http:\/\/www.benchrest.se\/wp-content\/uploads\/2011\/08\/resultatlista_hacksjo_open_2009.pdf\">Hacksj\u00f6 Open<\/a><br \/>\n<a href=\"http:\/\/www.benchrest.se\/wp-content\/uploads\/2011\/08\/resultatlista_vinterligan_final_2009.pdf\">Vinterligafinalen<\/a><br \/>\n<a href=\"http:\/\/www.benchrest.se\/wp-content\/uploads\/2011\/08\/webcup2009_6.pdf\">Webcupen<\/a><\/p>\n","protected":false},"excerpt":{"rendered":"<p>Brattvall-SM S\u00e4fsen-SM Jk Sp S\u00e4var Open Hacksj\u00f6 Open Vinterligafinalen Webcupen<\/p>\n","protected":false},"author":2,"featured_media":0,"parent":0,"menu_order":0,"comment_status":"closed","ping_status":"open","template":"","meta":[],"_links":{"self":[{"href":"http:\/\/www.benchrest.se\/index.php?rest_route=\/wp\/v2\/pages\/90"}],"collection":[{"href":"http:\/\/www.benchrest.se\/index.php?rest_route=\/wp\/v2\/pages"}],"about":[{"href":"http:\/\/www.benchrest.se\/index.php?rest_route=\/wp\/v2\/types\/page"}],"author":[{"embeddable":true,"href":"http:\/\/www.benchrest.se\/index.php?rest_route=\/wp\/v2\/users\/2"}],"replies":[{"embeddable":true,"href":"http:\/\/www.benchrest.se\/index.php?rest_route=%2Fwp%2Fv2%2Fcomments&post=90"}],"version-history":[{"count":5,"href":"http:\/\/www.benchrest.se\/index.php?rest_route=\/wp\/v2\/pages\/90\/revisions"}],"predecessor-version":[{"id":364,"href":"http:\/\/www.benchrest.se\/index.php?rest_route=\/wp\/v2\/pages\/90\/revisions\/364"}],"wp:attachment":[{"href":"http:\/\/www.benchrest.se\/index.php?rest_route=%2Fwp%2Fv2%2Fmedia&parent=90"}],"curies":[{"name":"wp","href":"https:\/\/api.w.org\/{rel}","templated":true}]}}