{"id":893,"date":"2012-01-09T22:32:15","date_gmt":"2012-01-09T20:32:15","guid":{"rendered":"http:\/\/www.benchrest.se\/?page_id=893"},"modified":"2012-07-23T20:21:03","modified_gmt":"2012-07-23T18:21:03","slug":"2012-2","status":"publish","type":"page","link":"http:\/\/www.benchrest.se\/?page_id=893","title":{"rendered":"2012"},"content":{"rendered":"<p><strong>T\u00e4vlingsprogram 2012<\/strong><\/p>\n<p><strong><a href=\"http:\/\/www.benchrest.se\/?page_id=17\">Webcupen<\/a><\/strong><\/p>\n<p><strong>April<\/strong><br \/>\n28 April Palmisano, Lochte\u00e5 Finland HV100<br \/>\n29 April Palmisano, Lochte\u00e5 Finland HV200<strong><br \/>\n<\/strong><\/p>\n<p><strong>Maj<\/strong><br \/>\n12 Maj <a href=\"http:\/\/www.benchrest.se\/wp-content\/uploads\/2012\/04\/inbjudan-Bankskytte-12-maj-luft.pdf\" target=\"_blank\">Luftgev\u00e4r 25m<\/a>, Lax\u00e5<br \/>\n12 Maj <a href=\"http:\/\/www.benchrest.se\/wp-content\/uploads\/2012\/04\/Inbjudan-till-S\u00f6rlightcupen-2012.pdf\" target=\"_blank\">S\u00f6rlightcupen<\/a>, Fredriksberg LV200<br \/>\n13 Maj <a href=\"http:\/\/www.benchrest.se\/wp-content\/uploads\/2012\/03\/inbjudan_SM_500_2012.pdf\" target=\"_blank\">SM, S\u00e4fsen UNL500<\/a><br \/>\n17 maj, S\u00e4var Open, HV100, SP100 och JK100<br \/>\n26 Maj FM, Iittala Finland LV100<br \/>\n27 Maj FM, Iittala Finland LV200<strong><\/strong><\/p>\n<p><strong>Juni<\/strong><br \/>\n02 Juni <a href=\"http:\/\/www.benchrest.se\/wp-content\/uploads\/2012\/04\/Inbjudan-till-S\u00f6rlightcupen-2012.pdf\" target=\"_blank\">S\u00f6rlightcupen<\/a>, Norrahammar LV100<br \/>\n09 Juni FM, \u00c5land HV100<br \/>\n10 Juni FM, \u00c5land HV200<br \/>\n25-30 Juni <a href=\"http:\/\/www.lohtajanmetsastysseura.fi\/ecc\" target=\"_blank\">EM, Lochte\u00e5 Finland LV\/HV 100\/200<\/a><\/p>\n<p><strong>Juli<\/strong><br \/>\n07 Juli <a href=\"http:\/\/www.benchrest.se\/wp-content\/uploads\/2012\/01\/inbjudan_hacksjo_open-2012.pdf\" target=\"_blank\">Hacksj\u00f6 Open<\/a> KM\u00a0&amp; Webcup 4, Hacksj\u00f6n JK100\/HV100<br \/>\n08 Juli <a href=\"http:\/\/www.benchrest.se\/wp-content\/uploads\/2012\/01\/inbjudan_hacksjo_open-2012.pdf\" target=\"_blank\">Hacksj\u00f6 Open<\/a> &amp; KM, Hacksj\u00f6n HV300<br \/>\n19-20 Juli <a href=\"http:\/\/www.benchrest.se\/wp-content\/uploads\/2012\/03\/inbjudan-sm-2012.pdf\" target=\"_blank\">SM, Brattvall <\/a>LV100\/LV200 SP100\/SP200<br \/>\n21-22 Juli <a href=\"http:\/\/www.benchrest.se\/wp-content\/uploads\/2012\/03\/inbjudan-sm-2012.pdf\" target=\"_blank\">SM, Brattvall <\/a>HV100\/HV200 JK100\/JK200<\/p>\n<p><strong>Augusti<\/strong><br \/>\n11 Aug <a href=\"http:\/\/www.benchrest.se\/wp-content\/uploads\/2012\/07\/Inbjudan-NM-S\u00e4fsen-BR-2012.pdf\" target=\"_blank\">NM<\/a>, Fredriksberg HV100<br \/>\n12 Aug <a href=\"http:\/\/www.benchrest.se\/wp-content\/uploads\/2012\/07\/Inbjudan-NM-S\u00e4fsen-BR-2012.pdf\" target=\"_blank\">NM<\/a>, Fredriksberg HV200<\/p>\n<p><strong>September<\/strong><\/p>\n<p><strong>Webcupen 2012<\/strong><br \/>\n<strong>Webcup #1<\/strong><br \/>\n22 April 0900 Hacksj\u00f6n<br \/>\n03 Maj 1000 Brattvall<\/p>\n<p><strong>Webcup #2<\/strong><br \/>\n17 Maj 1000 S\u00e4var<br \/>\n20 Maj 0900 Hacksj\u00f6n<\/p>\n<p><strong>Webcup #3<\/strong><br \/>\n14 Juni 1800 S\u00e4var<br \/>\n17 Juni 1000 Hacksj\u00f6n<\/p>\n<p><strong>Webcup #4<\/strong><br \/>\n04 Juli 1800 Brattvall<br \/>\n07 Juli 1000 Hacksj\u00f6n<\/p>\n<p><strong>Webcup #5<\/strong><br \/>\n01 Aug 1800 S\u00e4var<br \/>\n05 Aug 1000 Hacksj\u00f6n<\/p>\n<p><strong>Webcup #6<\/strong><br \/>\n26 Aug 1000 Hacksj\u00f6n<br \/>\n26 Aug 1000 Brattvall<\/p>\n<p><a href=\"http:\/\/www.benchrest.se\/wp-content\/uploads\/2012\/07\/Ranking-2011-2012.pdf\" target=\"_blank\">VM ranking 2011-2012<\/a><br \/>\n<a href=\"http:\/\/www.benchrest.se\/wp-content\/uploads\/2012\/01\/VM-ranking-ber\u00e4kning.pdf\" target=\"_blank\">VM ranking ber\u00e4kning<\/a><\/p>\n<p><a href=\"http:\/\/www.benchrest.fi\/view.php?loc_id=6\" target=\"_blank\">Finska f\u00f6rbundets t\u00e4vlingsprogram<\/a><br \/>\n<a href=\"http:\/\/www.benchrest.no\/terminliste-2012\/\" target=\"_blank\">Norska f\u00f6rbundets t\u00e4vlingsprogram<\/a><br \/>\n<a href=\"http:\/\/www.benchrest.nu\/program.html\" target=\"_blank\">Katarina Benchrests t\u00e4vlingsprogram<\/a><\/p>\n","protected":false},"excerpt":{"rendered":"<p>T\u00e4vlingsprogram 2012 Webcupen April 28 April Palmisano, Lochte\u00e5 Finland HV100 29 April Palmisano, Lochte\u00e5 Finland HV200 Maj 12 Maj Luftgev\u00e4r 25m, Lax\u00e5 12 Maj S\u00f6rlightcupen, Fredriksberg LV200 13 Maj SM, S\u00e4fsen UNL500 17 maj, S\u00e4var Open, HV100, SP100 och JK100 &hellip; <a href=\"http:\/\/www.benchrest.se\/?page_id=893\">Forts\u00e4tt l\u00e4sa <span class=\"meta-nav\">&rarr;<\/span><\/a><\/p>\n","protected":false},"author":2,"featured_media":0,"parent":0,"menu_order":0,"comment_status":"closed","ping_status":"open","template":"","meta":[],"_links":{"self":[{"href":"http:\/\/www.benchrest.se\/index.php?rest_route=\/wp\/v2\/pages\/893"}],"collection":[{"href":"http:\/\/www.benchrest.se\/index.php?rest_route=\/wp\/v2\/pages"}],"about":[{"href":"http:\/\/www.benchrest.se\/index.php?rest_route=\/wp\/v2\/types\/page"}],"author":[{"embeddable":true,"href":"http:\/\/www.benchrest.se\/index.php?rest_route=\/wp\/v2\/users\/2"}],"replies":[{"embeddable":true,"href":"http:\/\/www.benchrest.se\/index.php?rest_route=%2Fwp%2Fv2%2Fcomments&post=893"}],"version-history":[{"count":20,"href":"http:\/\/www.benchrest.se\/index.php?rest_route=\/wp\/v2\/pages\/893\/revisions"}],"predecessor-version":[{"id":899,"href":"http:\/\/www.benchrest.se\/index.php?rest_route=\/wp\/v2\/pages\/893\/revisions\/899"}],"wp:attachment":[{"href":"http:\/\/www.benchrest.se\/index.php?rest_route=%2Fwp%2Fv2%2Fmedia&parent=893"}],"curies":[{"name":"wp","href":"https:\/\/api.w.org\/{rel}","templated":true}]}}