{"id":8,"date":"2011-07-07T22:48:40","date_gmt":"2011-07-07T21:48:40","guid":{"rendered":"http:\/\/wordpress.benchrest.se\/?page_id=8"},"modified":"2026-03-10T19:13:36","modified_gmt":"2026-03-10T18:13:36","slug":"om-forbundet","status":"publish","type":"page","link":"http:\/\/www.benchrest.se\/?page_id=8","title":{"rendered":"Om oss"},"content":{"rendered":"<p><strong>Styrelsen<br \/>\n<\/strong><\/p>\n<ul>\n<li>Ordf\u00f6rande: Daniel Madsen<\/li>\n<li>Sekreterare: Peter Ericson<\/li>\n<li>Kass\u00f6r: Fredrik Berglund<\/li>\n<li>T\u00e4vlingsansvarig: Jonas Sandberg<\/li>\n<li>\u00d6vriga styrelsemedlemmar: Michael Axner, Lars Osseen, Rune Olsson, Fabian Wallin.<\/li>\n<li>Valberedning: Stefan K, Karin W<\/li>\n<li>Revisorer: Morgan Lundholm, Daniel Windstam<\/li>\n<\/ul>\n<p><strong>Bankgiro<\/strong><br \/>\n<strong>SEB: 5341-1948<\/strong>\u00a0 \u00c5rsavgift: 250 sek (familj 300:-), gl\u00f6m inte ange namn\/adress\/mailadress<\/p>\n<p><strong>E-Post<br \/>\n<\/strong>SBRSA@outlook.com<\/p>\n<p><a href=\"http:\/\/www.benchrest.se\/wp-content\/uploads\/2025\/01\/Stadgar-20240409.pdf\">Stadgar 20240409 Uppdaterade<\/a><\/p>\n<p><a href=\"http:\/\/www.benchrest.se\/wp-content\/uploads\/2011\/07\/stadgar.pdf\">Stadgar (tidigare version, ers\u00e4tts av 240409)<\/a><\/p>\n<p><a href=\" http:\/\/www.benchrest.se\/?page_id=876\">Styrelsematerial\u00a0<\/a><\/p>\n","protected":false},"excerpt":{"rendered":"<p>Styrelsen Ordf\u00f6rande: Daniel Madsen Sekreterare: Peter Ericson Kass\u00f6r: Fredrik Berglund T\u00e4vlingsansvarig: Jonas Sandberg \u00d6vriga styrelsemedlemmar: Michael Axner, Lars Osseen, Rune Olsson, Fabian Wallin. Valberedning: Stefan K, Karin W Revisorer: Morgan Lundholm, Daniel Windstam Bankgiro SEB: 5341-1948\u00a0 \u00c5rsavgift: 250 sek (familj &hellip; <a href=\"http:\/\/www.benchrest.se\/?page_id=8\">Forts\u00e4tt l\u00e4sa <span class=\"meta-nav\">&rarr;<\/span><\/a><\/p>\n","protected":false},"author":1,"featured_media":0,"parent":0,"menu_order":0,"comment_status":"open","ping_status":"closed","template":"","meta":[],"_links":{"self":[{"href":"http:\/\/www.benchrest.se\/index.php?rest_route=\/wp\/v2\/pages\/8"}],"collection":[{"href":"http:\/\/www.benchrest.se\/index.php?rest_route=\/wp\/v2\/pages"}],"about":[{"href":"http:\/\/www.benchrest.se\/index.php?rest_route=\/wp\/v2\/types\/page"}],"author":[{"embeddable":true,"href":"http:\/\/www.benchrest.se\/index.php?rest_route=\/wp\/v2\/users\/1"}],"replies":[{"embeddable":true,"href":"http:\/\/www.benchrest.se\/index.php?rest_route=%2Fwp%2Fv2%2Fcomments&post=8"}],"version-history":[{"count":45,"href":"http:\/\/www.benchrest.se\/index.php?rest_route=\/wp\/v2\/pages\/8\/revisions"}],"predecessor-version":[{"id":3062,"href":"http:\/\/www.benchrest.se\/index.php?rest_route=\/wp\/v2\/pages\/8\/revisions\/3062"}],"wp:attachment":[{"href":"http:\/\/www.benchrest.se\/index.php?rest_route=%2Fwp%2Fv2%2Fmedia&parent=8"}],"curies":[{"name":"wp","href":"https:\/\/api.w.org\/{rel}","templated":true}]}}