{"id":60,"date":"2011-07-08T15:53:26","date_gmt":"2011-07-08T14:53:26","guid":{"rendered":"http:\/\/wordpress.benchrest.se\/?page_id=60"},"modified":"2023-12-20T16:29:37","modified_gmt":"2023-12-20T15:29:37","slug":"rekord","status":"publish","type":"page","link":"http:\/\/www.benchrest.se\/?page_id=60","title":{"rendered":"Rekord"},"content":{"rendered":"<p style=\"text-align: center;\"><strong>Smallest Group<\/strong><\/p>\n<p>Light Varmint 100m (<strong>2,42mm<\/strong>) Daniel Madsen, Brattvall 2017-07-22<\/p>\n<p>Light Varmint 200m (<strong>4.49mm<\/strong>) Rune Olsson, Keitele Finland 2018-07-22<\/p>\n<p>Heavy Varmint 100m (<strong>1,35mm<\/strong>) Bo Lejon, Brattvall 1995-07-22<\/p>\n<p>Heavy Varmint 200m (<strong>4,58mm<\/strong>)\u00a0 Stefan Karlsson, Oslo 1999<\/p>\n<p>Heavy Varmint 300m (8,76mm) Fredrik &#8221;Berra&#8221; Berglund 2023 Frankrike<\/p>\n<p>Unlimited 500m\u00a0 (<strong>56,00mm<\/strong>)\u00a0 Rune Olsson,\u00a0 S\u00e4var 2014-05-09<\/p>\n<p>Sporter 100m (<strong>3,06mm<\/strong>) Bo Petersson, Brattvall 2007-07-21<\/p>\n<p>Sporter 200m (<strong>7,19mm<\/strong>) Ronny Karlsson, Fredriksberg 2010-05-12<\/p>\n<p>Sporter 300m (<strong>19.33mm<\/strong>) Rickard Salander, Hudiksvall 2018-08-05<\/p>\n<p>J\u00e4garklass 100m (<strong>5,28mm<\/strong>) Klas Granstr\u00f6m, Fredriksberg 2010-05-08<\/p>\n<p>J\u00e4garklass 200m (<strong>7,93mm<\/strong>) Emil Haglund, Fredriksberg 2014-05-11<\/p>\n<p>J\u00e4garklass 300m (<strong>32.23mm<\/strong>) Claes Jansson, Hudiksvall 2018-08-05<\/p>\n<p>Unlimited 300m <strong>(24,10mm)<\/strong> Rikard Salander, Sundsvall 2022-06-12<\/p>\n<p style=\"text-align: center;\"><strong>Aggregate<\/strong><\/p>\n<p>Light Varmint 100m (<strong>5,00mm<\/strong>) Gustav Lunden, Fredriksberg 1993-05-16<\/p>\n<p>Light Varmint 200m (<strong>12,26mm<\/strong>) Tobias Axelsson, Frankrike 2014-06-30<\/p>\n<p>Light Varmint Grand Agg (<strong>5,92mm<\/strong>) Tobias Axelsson, Frankrike 2014-06-30<\/p>\n<p>Heavy Varmint 100m (<strong>5,05mm<\/strong>) Bo Lejon, Brattvall 2001-07-21<\/p>\n<p>Heavy Varmint 200m (<strong>10,54mm<\/strong>) Fabian Wallin, Fredriksberg 2020-08-25<\/p>\n<p>Heavy Varmint 300m (23,92mm) Daniel Madsen, Sundsvall 2021-08-15<\/p>\n<p>Heavy Varmint Grand Agg (5.63<strong>mm<\/strong>) Jonas Sandberg, Volmerange Frankrike, 2020-09-05<\/p>\n<p>Two Gun Aggregate (<strong>6.00mm<\/strong>) Jonas Sandberg, Volmerange Frankrike, 2020-09-05<\/p>\n<p>Unlimited 500m (<strong>72,67mm<\/strong>) Rune Olsson, S\u00e4var 2014-05-09<\/p>\n<p>Sporter 100m (<strong>7,20mm<\/strong>) Olle Steng\u00e5rd, Fredriksberg 1996-05-11<\/p>\n<p>Sporter 200m (<strong>15.02mm<\/strong>) Emil Haglund, Fredriksberg 2012-05-17<\/p>\n<p>Sporter 300m (<strong>36.83mm<\/strong>) Rickard Salander, Hudiksvall 2018-08-05<\/p>\n<p>Sporter Grand Agg (<strong>8,40mm<\/strong>) Kari Lindstr\u00f6m, Brattvall 2014-07-20<\/p>\n<p>J\u00e4garklass 100m (<strong>10,34mm<\/strong>) Rikard Salander, Brattvall 2015-07-24<\/p>\n<p>J\u00e4garklass 200m (<strong>21,72mm<\/strong>) Kari Lindstr\u00f6m, Brattvall 2011-07-24<\/p>\n<p>J\u00e4garklass Grand Agg (<strong>11,89mm<\/strong>) Rikard Salander, Brattvall 2015-07-20<\/p>\n<p>Unlimited 300m Grand Agg <strong>( 39,04mm)<\/strong> Christer Jakobsson, Sundsvall 2022-06-12<\/p>\n<p><a href=\"http:\/\/www.benchrest.se\/wp-content\/uploads\/2016\/08\/rekord-2016-07-31.pdf\" target=\"_blank\" rel=\"noopener noreferrer\">Svenska Rekord<\/a><br \/>\n<a href=\"http:\/\/www.benchrest.se\/wp-content\/uploads\/2013\/04\/Rekordhandbok_2.21.pdf\" target=\"_blank\" rel=\"noopener noreferrer\">Rekordhandbok<\/a><\/p>\n<p><a href=\"http:\/\/www.benchrest.se\/wp-content\/uploads\/2023\/07\/Rekordkommittens-rapport-2023.docx\">Rapport 2023 fr\u00e5n rekordkommitten<\/a><\/p>\n<p><a href=\"http:\/\/www.benchrest.se\/wp-content\/uploads\/2023\/12\/rekord-2023.pdf\">Rapport 2023 V.2\u00a0<\/a><\/p>\n<p><a href=\"http:\/\/www.benchrest.se\/wp-content\/uploads\/2021\/04\/rekordkommitens-rapport-2020.pdf\">Rapport 2020 fr\u00e5n rekordkommitt\u00e9n<\/a><br \/>\n<a href=\"http:\/\/www.benchrest.se\/wp-content\/uploads\/2020\/09\/Relordkommite-rapport-2019.pdf\">Rapport 2019 fr\u00e5n rekordkommitt\u00e9n<\/a><br \/>\n<a href=\"http:\/\/www.benchrest.se\/wp-content\/uploads\/2016\/11\/Rapport-fr\u00e5n-Svenska-B\u00e4nkskyttef\u00f6bundets-rekordkommitt\u00e9-2016.pdf\" target=\"_blank\" rel=\"noopener noreferrer\">Rapport 2016 fr\u00e5n rekordkommitt\u00e9n<\/a><br \/>\n<a href=\"http:\/\/www.benchrest.se\/wp-content\/uploads\/2016\/03\/Rapport-fr\u00e5n-Svenska-B\u00e4nkskyttef\u00f6bundets-rekordkommitt\u00e9-2015.pdf\" target=\"_blank\" rel=\"noopener noreferrer\">Rapport 2015 fr\u00e5n rekordkommitt\u00e9n<\/a><br \/>\n<a href=\"http:\/\/www.benchrest.se\/wp-content\/uploads\/2016\/11\/Rapport-fr\u00e5n-Svenska-B\u00e4nkskyttef\u00f6bundets-rekordkommitt\u00e9-2014.pdf\" target=\"_blank\" rel=\"noopener noreferrer\">Rapport 2014 fr\u00e5n rekordkommitt\u00e9n<\/a><br \/>\n<a href=\"http:\/\/www.benchrest.se\/wp-content\/uploads\/2014\/09\/rapport-2013.pdf\" target=\"_blank\" rel=\"noopener noreferrer\">Rapport 2013 fr\u00e5n rekordkommitt\u00e9n<\/a><br \/>\n<a href=\"http:\/\/www.benchrest.se\/wp-content\/uploads\/2013\/04\/rapport-2012c.pdf\" target=\"_blank\" rel=\"noopener noreferrer\">Rapport 2012 fr\u00e5n rekordkommitt\u00e9n<\/a><br \/>\n<a href=\"http:\/\/www.benchrest.se\/wp-content\/uploads\/2011\/11\/rapport-2011.pdf\" target=\"_blank\" rel=\"noopener noreferrer\">Rapport 2011 fr\u00e5n rekordkommitt\u00e9n<\/a><br \/>\n<a href=\"http:\/\/www.benchrest.se\/wp-content\/uploads\/2016\/11\/Rapport-fr\u00e5n-Svenska-B\u00e4nkksyttef\u00f6rbundets-rekordkommitte-2010.pdf\" target=\"_blank\" rel=\"noopener noreferrer\">Rapport 2010 fr\u00e5n rekordkommitt\u00e9n<\/a><br \/>\n<a href=\"http:\/\/www.benchrest.se\/wp-content\/uploads\/2016\/11\/Rapport-fr\u00e5n-Svenska-B\u00e4nkskyttef\u00f6bundets-rekordkommitt\u00e9-2009.pdf\" target=\"_blank\" rel=\"noopener noreferrer\">Rapport 2009 fr\u00e5n rekordkommitt\u00e9n<\/a><\/p>\n","protected":false},"excerpt":{"rendered":"<p>Smallest Group Light Varmint 100m (2,42mm) Daniel Madsen, Brattvall 2017-07-22 Light Varmint 200m (4.49mm) Rune Olsson, Keitele Finland 2018-07-22 Heavy Varmint 100m (1,35mm) Bo Lejon, Brattvall 1995-07-22 Heavy Varmint 200m (4,58mm)\u00a0 Stefan Karlsson, Oslo 1999 Heavy Varmint 300m (8,76mm) Fredrik &hellip; <a href=\"http:\/\/www.benchrest.se\/?page_id=60\">Forts\u00e4tt l\u00e4sa <span class=\"meta-nav\">&rarr;<\/span><\/a><\/p>\n","protected":false},"author":2,"featured_media":0,"parent":0,"menu_order":0,"comment_status":"open","ping_status":"open","template":"","meta":[],"_links":{"self":[{"href":"http:\/\/www.benchrest.se\/index.php?rest_route=\/wp\/v2\/pages\/60"}],"collection":[{"href":"http:\/\/www.benchrest.se\/index.php?rest_route=\/wp\/v2\/pages"}],"about":[{"href":"http:\/\/www.benchrest.se\/index.php?rest_route=\/wp\/v2\/types\/page"}],"author":[{"embeddable":true,"href":"http:\/\/www.benchrest.se\/index.php?rest_route=\/wp\/v2\/users\/2"}],"replies":[{"embeddable":true,"href":"http:\/\/www.benchrest.se\/index.php?rest_route=%2Fwp%2Fv2%2Fcomments&post=60"}],"version-history":[{"count":58,"href":"http:\/\/www.benchrest.se\/index.php?rest_route=\/wp\/v2\/pages\/60\/revisions"}],"predecessor-version":[{"id":2844,"href":"http:\/\/www.benchrest.se\/index.php?rest_route=\/wp\/v2\/pages\/60\/revisions\/2844"}],"wp:attachment":[{"href":"http:\/\/www.benchrest.se\/index.php?rest_route=%2Fwp%2Fv2%2Fmedia&parent=60"}],"curies":[{"name":"wp","href":"https:\/\/api.w.org\/{rel}","templated":true}]}}