{"id":384,"date":"2011-08-01T21:21:55","date_gmt":"2011-08-01T20:21:55","guid":{"rendered":"http:\/\/wordpress.benchrest.se\/?page_id=384"},"modified":"2020-02-06T22:04:01","modified_gmt":"2020-02-06T20:04:01","slug":"filmer","status":"publish","type":"page","link":"http:\/\/www.benchrest.se\/?page_id=384","title":{"rendered":"Filmer"},"content":{"rendered":"<p>European Benchrest Championships 2018 in Lohtaja, Finland<\/p>\n<p><iframe loading=\"lazy\" title=\"Vihtavuori Benchrest\" width=\"584\" height=\"329\" src=\"https:\/\/www.youtube.com\/embed\/emAwXrY5zsM?start=9&#038;feature=oembed\" frameborder=\"0\" allow=\"accelerometer; autoplay; clipboard-write; encrypted-media; gyroscope; picture-in-picture\" allowfullscreen><\/iframe><\/p>\n<p>EM Lochte\u00e5<\/p>\n<p><iframe loading=\"lazy\" title=\"Benchrest EBC7 2018 Lohtaja\" width=\"584\" height=\"329\" src=\"https:\/\/www.youtube.com\/embed\/4TaQ6aBz3VU?feature=oembed\" frameborder=\"0\" allow=\"accelerometer; autoplay; clipboard-write; encrypted-media; gyroscope; picture-in-picture\" allowfullscreen><\/iframe><\/p>\n<p>Hacksj\u00f6 Open 2013<\/p>\n\n<p>WBC11 filmat av P\u00e5l Erik Jensen NBSF<\/p>\n\n\n\n\n\n\n<p>N\u00e5gra filmer fr\u00e5n NM p\u00e5 \u00c5land 2011, av P\u00e5l Erik Jensen NBSF<\/p>\n\n\n\n\n<p>Vinterligan final 2009<\/p>\n\n","protected":false},"excerpt":{"rendered":"<p>European Benchrest Championships 2018 in Lohtaja, Finland EM Lochte\u00e5 Hacksj\u00f6 Open 2013 WBC11 filmat av P\u00e5l Erik Jensen NBSF N\u00e5gra filmer fr\u00e5n NM p\u00e5 \u00c5land 2011, av P\u00e5l Erik Jensen NBSF Vinterligan final 2009<\/p>\n","protected":false},"author":2,"featured_media":0,"parent":0,"menu_order":0,"comment_status":"closed","ping_status":"open","template":"","meta":[],"_links":{"self":[{"href":"http:\/\/www.benchrest.se\/index.php?rest_route=\/wp\/v2\/pages\/384"}],"collection":[{"href":"http:\/\/www.benchrest.se\/index.php?rest_route=\/wp\/v2\/pages"}],"about":[{"href":"http:\/\/www.benchrest.se\/index.php?rest_route=\/wp\/v2\/types\/page"}],"author":[{"embeddable":true,"href":"http:\/\/www.benchrest.se\/index.php?rest_route=\/wp\/v2\/users\/2"}],"replies":[{"embeddable":true,"href":"http:\/\/www.benchrest.se\/index.php?rest_route=%2Fwp%2Fv2%2Fcomments&post=384"}],"version-history":[{"count":22,"href":"http:\/\/www.benchrest.se\/index.php?rest_route=\/wp\/v2\/pages\/384\/revisions"}],"predecessor-version":[{"id":2208,"href":"http:\/\/www.benchrest.se\/index.php?rest_route=\/wp\/v2\/pages\/384\/revisions\/2208"}],"wp:attachment":[{"href":"http:\/\/www.benchrest.se\/index.php?rest_route=%2Fwp%2Fv2%2Fmedia&parent=384"}],"curies":[{"name":"wp","href":"https:\/\/api.w.org\/{rel}","templated":true}]}}