{"id":2602,"date":"2022-01-04T22:26:50","date_gmt":"2022-01-04T21:26:50","guid":{"rendered":"http:\/\/www.benchrest.se\/?page_id=2602"},"modified":"2022-01-13T19:21:46","modified_gmt":"2022-01-13T18:21:46","slug":"tavlingsprogram-2022","status":"publish","type":"page","link":"http:\/\/www.benchrest.se\/?page_id=2602","title":{"rendered":"T\u00e4vlingsprogram 2022"},"content":{"rendered":"\n<p>Prelimin\u00e4rt t\u00e4vlingsprogram f\u00f6r 2022 finns bifogat, uppdateringar kommer allt eftersom detaljer blir klarare.<\/p>\n\n\n\n<div class=\"wp-block-file\"><a href=\"http:\/\/www.benchrest.se\/wp-content\/uploads\/2022\/01\/Tavlingsprogram-2022.doc\">Tavlingsprogram-2022<\/a><a href=\"http:\/\/www.benchrest.se\/wp-content\/uploads\/2022\/01\/Tavlingsprogram-2022.doc\" class=\"wp-block-file__button\" download>Ladda ner<\/a><\/div>\n\n\n\n<p>Finlands t\u00e4vllingsprogram<\/p>\n\n\n\n<p>SM Two Gun Sundsvall <a href=\"https:\/\/idrottonline.se\/SundsvallsSkF-Skyttesport\/Nyheter\/Sundsvallsnyheter\/twogunsmklasslvhv100200m\">https:\/\/idrottonline.se\/SundsvallsSkF-Skyttesport\/Nyheter\/Sundsvallsnyheter\/twogunsmklasslvhv100200m<\/a><\/p>\n\n\n\n<p><a href=\"http:\/\/benchrest.fi\/modules.php?name=articles&amp;action=show_article&amp;id=310\">Benchrest Finland &#8211; Uusi kilpailukalenteri 2022<\/a><\/p>\n\n\n\n<p><\/p>\n","protected":false},"excerpt":{"rendered":"<p>Prelimin\u00e4rt t\u00e4vlingsprogram f\u00f6r 2022 finns bifogat, uppdateringar kommer allt eftersom detaljer blir klarare. Finlands t\u00e4vllingsprogram SM Two Gun Sundsvall https:\/\/idrottonline.se\/SundsvallsSkF-Skyttesport\/Nyheter\/Sundsvallsnyheter\/twogunsmklasslvhv100200m Benchrest Finland &#8211; Uusi kilpailukalenteri 2022<\/p>\n","protected":false},"author":15,"featured_media":2103,"parent":0,"menu_order":0,"comment_status":"closed","ping_status":"closed","template":"","meta":[],"_links":{"self":[{"href":"http:\/\/www.benchrest.se\/index.php?rest_route=\/wp\/v2\/pages\/2602"}],"collection":[{"href":"http:\/\/www.benchrest.se\/index.php?rest_route=\/wp\/v2\/pages"}],"about":[{"href":"http:\/\/www.benchrest.se\/index.php?rest_route=\/wp\/v2\/types\/page"}],"author":[{"embeddable":true,"href":"http:\/\/www.benchrest.se\/index.php?rest_route=\/wp\/v2\/users\/15"}],"replies":[{"embeddable":true,"href":"http:\/\/www.benchrest.se\/index.php?rest_route=%2Fwp%2Fv2%2Fcomments&post=2602"}],"version-history":[{"count":4,"href":"http:\/\/www.benchrest.se\/index.php?rest_route=\/wp\/v2\/pages\/2602\/revisions"}],"predecessor-version":[{"id":2638,"href":"http:\/\/www.benchrest.se\/index.php?rest_route=\/wp\/v2\/pages\/2602\/revisions\/2638"}],"wp:featuredmedia":[{"embeddable":true,"href":"http:\/\/www.benchrest.se\/index.php?rest_route=\/wp\/v2\/media\/2103"}],"wp:attachment":[{"href":"http:\/\/www.benchrest.se\/index.php?rest_route=%2Fwp%2Fv2%2Fmedia&parent=2602"}],"curies":[{"name":"wp","href":"https:\/\/api.w.org\/{rel}","templated":true}]}}