{"id":2584,"date":"2021-08-04T21:24:00","date_gmt":"2021-08-04T19:24:00","guid":{"rendered":"http:\/\/www.benchrest.se\/?page_id=2584"},"modified":"2022-01-04T22:57:09","modified_gmt":"2022-01-04T21:57:09","slug":"2021-2","status":"publish","type":"page","link":"http:\/\/www.benchrest.se\/?page_id=2584","title":{"rendered":"2021"},"content":{"rendered":"\n<p><\/p>\n\n\n\n<p><a href=\"http:\/\/www.benchrest.se\/?p=2489\">Resultat Two Gun SM 2021 | Svenska B\u00e4nkskyttef\u00f6rbundet (benchrest.se)<\/a><\/p>\n\n\n\n<p><a href=\"http:\/\/www.benchrest.se\/?p=2521\">Slutresultat Webcupen 2021 | Svenska B\u00e4nkskyttef\u00f6rbundet (benchrest.se)<\/a><\/p>\n\n\n\n<p><a href=\"http:\/\/www.benchrest.se\/?p=2486\">Resultat SM 300 Sundsvall. | Svenska B\u00e4nkskyttef\u00f6rbundet (benchrest.se)<\/a><\/p>\n","protected":false},"excerpt":{"rendered":"<p>Resultat Two Gun SM 2021 | Svenska B\u00e4nkskyttef\u00f6rbundet (benchrest.se) Slutresultat Webcupen 2021 | Svenska B\u00e4nkskyttef\u00f6rbundet (benchrest.se) Resultat SM 300 Sundsvall. | Svenska B\u00e4nkskyttef\u00f6rbundet (benchrest.se)<\/p>\n","protected":false},"author":15,"featured_media":0,"parent":0,"menu_order":0,"comment_status":"closed","ping_status":"closed","template":"","meta":[],"_links":{"self":[{"href":"http:\/\/www.benchrest.se\/index.php?rest_route=\/wp\/v2\/pages\/2584"}],"collection":[{"href":"http:\/\/www.benchrest.se\/index.php?rest_route=\/wp\/v2\/pages"}],"about":[{"href":"http:\/\/www.benchrest.se\/index.php?rest_route=\/wp\/v2\/types\/page"}],"author":[{"embeddable":true,"href":"http:\/\/www.benchrest.se\/index.php?rest_route=\/wp\/v2\/users\/15"}],"replies":[{"embeddable":true,"href":"http:\/\/www.benchrest.se\/index.php?rest_route=%2Fwp%2Fv2%2Fcomments&post=2584"}],"version-history":[{"count":2,"href":"http:\/\/www.benchrest.se\/index.php?rest_route=\/wp\/v2\/pages\/2584\/revisions"}],"predecessor-version":[{"id":2628,"href":"http:\/\/www.benchrest.se\/index.php?rest_route=\/wp\/v2\/pages\/2584\/revisions\/2628"}],"wp:attachment":[{"href":"http:\/\/www.benchrest.se\/index.php?rest_route=%2Fwp%2Fv2%2Fmedia&parent=2584"}],"curies":[{"name":"wp","href":"https:\/\/api.w.org\/{rel}","templated":true}]}}