{"id":2025,"date":"2019-02-27T17:27:18","date_gmt":"2019-02-27T15:27:18","guid":{"rendered":"http:\/\/www.benchrest.se\/?page_id=2025"},"modified":"2020-07-07T20:09:27","modified_gmt":"2020-07-07T18:09:27","slug":"preliminart-tavlingsprogram-2019","status":"publish","type":"page","link":"http:\/\/www.benchrest.se\/?page_id=2025","title":{"rendered":"T\u00e4vlingsprogram 2020"},"content":{"rendered":"\n<p>  <br>21 Maj. S\u00e4var open  5&#215;5 skott i HV JK samt Unlimited p\u00e5 po\u00e4ngtavla. kl 10:00 <br><\/p>\n\n\n\n<p>S\u00e4fsen\/Fredriksberg Inst\u00e4llt tillsvidare<\/p>\n\n\n\n<p>17-19 juli. Twogun Svenska M\u00e4sterskapet HV,LV. Brattvall (Inst\u00e4llt)<\/p>\n\n\n\n<p> 300m HV,UNL   Flyttat till Sundsvall 15 augusti.<br>300 kr \/ klass. <\/p>\n\n\n\n<p>27 Sept.  Brattvall, White Head Cup <\/p>\n","protected":false},"excerpt":{"rendered":"<p>21 Maj. S\u00e4var open 5&#215;5 skott i HV JK samt Unlimited p\u00e5 po\u00e4ngtavla. kl 10:00 S\u00e4fsen\/Fredriksberg Inst\u00e4llt tillsvidare 17-19 juli. Twogun Svenska M\u00e4sterskapet HV,LV. Brattvall (Inst\u00e4llt) 300m HV,UNL Flyttat till Sundsvall 15 augusti.300 kr \/ klass. 27 Sept. Brattvall, White &hellip; <a href=\"http:\/\/www.benchrest.se\/?page_id=2025\">Forts\u00e4tt l\u00e4sa <span class=\"meta-nav\">&rarr;<\/span><\/a><\/p>\n","protected":false},"author":12,"featured_media":0,"parent":0,"menu_order":0,"comment_status":"closed","ping_status":"closed","template":"","meta":[],"_links":{"self":[{"href":"http:\/\/www.benchrest.se\/index.php?rest_route=\/wp\/v2\/pages\/2025"}],"collection":[{"href":"http:\/\/www.benchrest.se\/index.php?rest_route=\/wp\/v2\/pages"}],"about":[{"href":"http:\/\/www.benchrest.se\/index.php?rest_route=\/wp\/v2\/types\/page"}],"author":[{"embeddable":true,"href":"http:\/\/www.benchrest.se\/index.php?rest_route=\/wp\/v2\/users\/12"}],"replies":[{"embeddable":true,"href":"http:\/\/www.benchrest.se\/index.php?rest_route=%2Fwp%2Fv2%2Fcomments&post=2025"}],"version-history":[{"count":13,"href":"http:\/\/www.benchrest.se\/index.php?rest_route=\/wp\/v2\/pages\/2025\/revisions"}],"predecessor-version":[{"id":2318,"href":"http:\/\/www.benchrest.se\/index.php?rest_route=\/wp\/v2\/pages\/2025\/revisions\/2318"}],"wp:attachment":[{"href":"http:\/\/www.benchrest.se\/index.php?rest_route=%2Fwp%2Fv2%2Fmedia&parent=2025"}],"curies":[{"name":"wp","href":"https:\/\/api.w.org\/{rel}","templated":true}]}}