{"id":17,"date":"2011-07-07T23:42:09","date_gmt":"2011-07-07T22:42:09","guid":{"rendered":"http:\/\/wordpress.benchrest.se\/?page_id=17"},"modified":"2025-05-16T21:54:37","modified_gmt":"2025-05-16T19:54:37","slug":"webcupen","status":"publish","type":"page","link":"http:\/\/www.benchrest.se\/?page_id=17","title":{"rendered":"Webcupen"},"content":{"rendered":"<p><strong>Bakgrund<br \/>\n<\/strong>Ursprungligen arrangerades en tr\u00e4ningscup f\u00f6r b\u00e4nkskyttar inom Brattvalls Jaktskytteklubb och S\u00e4var Jaktskytteklubb kallad \u201dKv\u00e4llscupen\u201d. T\u00e4vlingen omfattade klasserna Heavy Varmint, Sporter och J\u00e4garklass. Tanken med t\u00e4vlingen var att f\u00e5 fler tillf\u00e4llen att skjuta mot varandra. D\u00e5 b\u00e4nkskytte till stor del handlar om att bem\u00e4stra f\u00f6rh\u00e5llandena, konditionerna ute p\u00e5 banan, s\u00e5 f\u00e5r man en b\u00e4ttre bild av den egna prestationen ju fler som t\u00e4vlar samtidigt. Cupen var s\u00e5 upplagd att ett antal kv\u00e4llst\u00e4vlingar om 3 serier sk\u00f6ts men \u00e4ven respektive klubbm\u00e4sterskap ingick och d\u00e5 r\u00e4knades endast de 3 f\u00f6rsta serierna. Segrare var den som under s\u00e4songen hade l\u00e4gsta snittet p\u00e5 sina 3 b\u00e4sta t\u00e4vlingar.<\/p>\n<p><strong>Webcupen<br \/>\n<\/strong>Webcupens t\u00e4vlingsprogram best\u00e5r av 6 st omg\u00e5ngar. Vem som helst kan arrangera hemmabanet\u00e4vlingar och rapportera in resultat fr\u00e5n dessa. I dagsl\u00e4get arrangeras officiella t\u00e4vlingstillf\u00e4llen \u00f6ppna f\u00f6r alla i trakterna kring Fredriksberg, Stockholm, J\u00f6nk\u00f6ping och Ume\u00e5 och Sundsvall. Om det visar sig att man inte lyckas boka skjutbana under en omg\u00e5ng eller st\u00f6ter p\u00e5 andra problem, h\u00f6r av er s\u00e5 f\u00f6rs\u00f6ker vi l\u00f6sa det genom att t\u00e4nja p\u00e5 datumen. Resultatet sammanst\u00e4lls och l\u00e4ggs sedan ut p\u00e5 f\u00f6rbundets hemsida s\u00e5 att alla kan f\u00f6lja utvecklingen.<\/p>\n<p><strong>Regler<br \/>\n<\/strong><\/p>\n<ol>\n<li>T\u00e4vlingen \u00e4r \u00f6ppen f\u00f6r alla men f\u00f6r att vara med i den slutliga sammanr\u00e4kningen av resultaten kr\u00e4vs medlemskap i Svenska B\u00e4nkskyttef\u00f6rbundet.<\/li>\n<li>Minst tv\u00e5 t\u00e4vlande m\u00e5ste deltaga vid varje t\u00e4vlingsst\u00e4lle f\u00f6r att kunna rapporteras in.<\/li>\n<li>Officiella b\u00e4nkskyttetavlor rekomenderas, tavlorna kan k\u00f6pas av f\u00f6rbundet men i brist p\u00e5 s\u00e5dana kan man skriva ut och anv\u00e4nda egna liknande tavlor, vi rekomenderar att man anv\u00e4nder dessa tavlor f\u00f6r utskrift <a href=\"\/wp-content\/uploads\/2011\/07\/sebr100.pdf\">100m<\/a>\u00a0och <a href=\"http:\/\/www.benchrest.se\/wp-content\/uploads\/2011\/07\/sebr200.pdf\">200m<\/a> det underl\u00e4ttar om man skriver ut p\u00e5 tjockt papper alternativt limmar utskriften p\u00e5 ett tjockt papper, i sporter och JK1 anv\u00e4nds 200m tavlan f\u00f6r skytte p\u00e5 100m.<\/li>\n<li>Skjutavst\u00e5nd 100 meter med ett undantag JK1 f\u00e5r skjutas p\u00e5 80 meter men d\u00e5 skall resultatet r\u00e4knas om med 25% p\u00e5slag p\u00e5 tr\u00e4ffbilderna.<\/li>\n<li>Skjutningen ska ske utomhus och omfatta tre serier om 5 skott. D\u00e4r fler serier skjuts r\u00e4knas de tre f\u00f6rsta in i cupen.<\/li>\n<li>Tr\u00e4ffbilderna skall m\u00e4tas med skjutm\u00e5tt och anges i millimeter med tv\u00e5 decimalers noggrannhet.<\/li>\n<li>Resultatet ska rapporteras in p\u00e5 avsedd mailadress ordalen@gmail.com och kommer sammanst\u00e4llas den 15e i varje m\u00e5nad maj-september.<\/li>\n<li>Segrar i respektive klass g\u00f6r den som har l\u00e4gst snittresultat p\u00e5 3 av de 6 t\u00e4vlingstillf\u00e4llena.<\/li>\n<\/ol>\n<p><strong>Resultatrapportering<br \/>\n<\/strong>Skicka till avsedd mailadress ordalen@gmail.com\u00a0 eller tryck p\u00e5 l\u00e4nk f\u00f6r formul\u00e4r <a href=\"http:\/\/www.benchrest.se\/?attachment_id=2274\">http:\/\/www.benchrest.se\/?attachment_id=2274<\/a> \u00a0senast m\u00e5ndagen efter utsatt t\u00e4vlingsvecka till t\u00e4vlingsansvarig. Resultatet presenteras p\u00e5 resultatsidorna.<\/p>\n<p><strong>T\u00e4vlingstillf\u00e4llen<br \/>\n<\/strong>F\u00e5r ske n\u00e4r som under s\u00e4songen, dock f\u00e5r max 6 stycken resultat skickas in.<\/p>\n<p><strong>Kontakt<br \/>\n<\/strong>Vid fr\u00e5gor v\u00e4nligen kontakta\u00a0t\u00e4vlingsansvarig<\/p>\n<p><strong>\u00d6vrigt<br \/>\n<\/strong>Skicka g\u00e4rna med bilder fr\u00e5n t\u00e4vlingarna.<\/p>\n<p><strong>\u00a0<\/strong><\/p>\n","protected":false},"excerpt":{"rendered":"<p>Bakgrund Ursprungligen arrangerades en tr\u00e4ningscup f\u00f6r b\u00e4nkskyttar inom Brattvalls Jaktskytteklubb och S\u00e4var Jaktskytteklubb kallad \u201dKv\u00e4llscupen\u201d. T\u00e4vlingen omfattade klasserna Heavy Varmint, Sporter och J\u00e4garklass. Tanken med t\u00e4vlingen var att f\u00e5 fler tillf\u00e4llen att skjuta mot varandra. D\u00e5 b\u00e4nkskytte till stor del &hellip; <a href=\"http:\/\/www.benchrest.se\/?page_id=17\">Forts\u00e4tt l\u00e4sa <span class=\"meta-nav\">&rarr;<\/span><\/a><\/p>\n","protected":false},"author":1,"featured_media":0,"parent":0,"menu_order":0,"comment_status":"open","ping_status":"open","template":"","meta":[],"_links":{"self":[{"href":"http:\/\/www.benchrest.se\/index.php?rest_route=\/wp\/v2\/pages\/17"}],"collection":[{"href":"http:\/\/www.benchrest.se\/index.php?rest_route=\/wp\/v2\/pages"}],"about":[{"href":"http:\/\/www.benchrest.se\/index.php?rest_route=\/wp\/v2\/types\/page"}],"author":[{"embeddable":true,"href":"http:\/\/www.benchrest.se\/index.php?rest_route=\/wp\/v2\/users\/1"}],"replies":[{"embeddable":true,"href":"http:\/\/www.benchrest.se\/index.php?rest_route=%2Fwp%2Fv2%2Fcomments&post=17"}],"version-history":[{"count":12,"href":"http:\/\/www.benchrest.se\/index.php?rest_route=\/wp\/v2\/pages\/17\/revisions"}],"predecessor-version":[{"id":3016,"href":"http:\/\/www.benchrest.se\/index.php?rest_route=\/wp\/v2\/pages\/17\/revisions\/3016"}],"wp:attachment":[{"href":"http:\/\/www.benchrest.se\/index.php?rest_route=%2Fwp%2Fv2%2Fmedia&parent=17"}],"curies":[{"name":"wp","href":"https:\/\/api.w.org\/{rel}","templated":true}]}}