{"id":157,"date":"2011-07-13T07:17:45","date_gmt":"2011-07-13T06:17:45","guid":{"rendered":"http:\/\/wordpress.benchrest.se\/?page_id=157"},"modified":"2011-08-19T08:01:38","modified_gmt":"2011-08-19T06:01:38","slug":"hur-kom-bankskyttet-till-sverige","status":"publish","type":"page","link":"http:\/\/www.benchrest.se\/?page_id=157","title":{"rendered":"Hur b\u00e4nkskyttet kom till Sverige"},"content":{"rendered":"<p>Det finns en del som har funderat \u00f6ver hur b\u00e4nkskyttet egentligen kom till Sverige och blev en sport. Jag har sj\u00e4lv funderat lite \u00f6ver det, s\u00e5 jag beslutade mig att \u00e5ka ut till Torsten \u00c5str\u00f6m och intervjua honom, om hur han b\u00f6rjade med att starta upp b\u00e4nkskyttet h\u00e4r i Sverige.<\/p>\n<p>Intresset f\u00f6r precisionskytte v\u00e4cktes 1974 d\u00e5 Torsten gjorde lumpen p\u00e5 K4 i Ume\u00e5, han hade en lumparkamrat vid namn G\u00f6ran Jonsson fr\u00e5n Vilhelmina som var en skyttegalning, och kunde n\u00e4mna snabbt vad det var f\u00f6r patron som kom flygandes i \u00f6gonvr\u00e5n. S\u00e5 p\u00e5 kv\u00e4llarna satt de och diskuterade skytte och vapen.<\/p>\n<p>1976 ins\u00e5g Torsten efter att han inhandlat egen utrustning f\u00f6r handladdning, att man kunde f\u00e5 en vanlig \u00e4lgstudsare att skjuta riktigt bra med egen laddning. S\u00e5 han b\u00f6rjade laborera med olika laddningar och f\u00f6rdjupade sig i det, i ett syfte att f\u00e5 sm\u00e5 tr\u00e4ffbilder.<\/p>\n<p>Det f\u00f6rsta vapnet han sk\u00f6t med var en Carl-Gustav 1900 30-06, med en Leupold 6,5&#215;20 kikare, s\u00e5 redan d\u00e5 var det b\u00e4nkskyttestuk p\u00e5 riggen. Han bytte pipa till en Shilen sporter profil och tr\u00e4ffbilderna minimerades ytterligare.<\/p>\n<p>Vid det h\u00e4r laget s\u00e5 st\u00e4rktes intresset f\u00f6r honom och sk\u00f6t tr\u00e4ffbilder under 10mm. \u00a0<\/p>\n<p>Till en b\u00f6rjan s\u00e5 var det Torsten och pappa Lars \u00c5str\u00f6m som t\u00e4vlade mot varandra och d\u00e5 helt utan vindflaggor. Torstens f\u00f6r\u00e4ldrar Lars och Margit fick en del jobbiga n\u00e4tter, n\u00e4r pojken deras var s\u00e5 ivrig p\u00e5 att skjuta och sl\u00e5 sina personliga rekord. Det sk\u00f6ts dag som natt f\u00f6rbi deras sovrumsf\u00f6nster, n\u00e4r skymningen kom s\u00e5 fick bilar st\u00e5 ig\u00e5ng med helljuslamporna p\u00e5 f\u00f6r att lysa upp skjutbanan.<\/p>\n<p>Torstens kusiner Tommy och Torbj\u00f6rn \u00c5berg, var ocks\u00e5 2 personer som laborerade tillsammans med Torsten, f\u00f6r att f\u00e5 studsarna att g\u00e5. De t\u00e4vlade ocks\u00e5 en del mot varandra.<\/p>\n<p>1984 anordnade tidningen jakt &amp; vapen en b\u00e4nkskyttet\u00e4vling, en tavla skickades med i tidningen. De som k\u00f6pte tidningen fick skjuta en serie p\u00e5 100m 5&#215;5 skott och sedan skickade de tillbaka tavlan till bolaget. Torsten st\u00e4llde upp och skickade in sin tavla, men kom ej vidare i den t\u00e4vlingen.<\/p>\n<p>Samma \u00e5r byttes shilenpipan ut mot en kallhamrad Carl-Gustav, Torsten trodde inte det var sant n\u00e4r han kollade tr\u00e4ffbilderna han hade skjutit. B\u00f6ssan gick nu riktigt bra f\u00f6r honom.<\/p>\n<p>S\u00e5 1985 bar det iv\u00e4g till \u00c5land f\u00f6r att delta p\u00e5 det f\u00f6rsta nordiska m\u00e4sterskapet, t\u00e4vlingen sk\u00f6ts med en enda vindflagga p\u00e5 100m, och den satt mitt p\u00e5 plan. T\u00e4vlingen sk\u00f6ts om 5 skott p\u00e5 3 serier. Jan Stenroos, \u00c5land var v\u00e4nlig att ta hand om Torsten n\u00e4r han anl\u00e4nde till \u00f6n och bj\u00f6d p\u00e5 b\u00e5de husrum och mat under t\u00e4vlingshelgen. Det skymtades en del 6PPC-Hart b\u00e4nkskytteb\u00f6ssor, sleevade remingtonl\u00e5s med McMillans b\u00e4nkskyttestockar. Det fick Torsten att k\u00e4nna sig lite underl\u00e4gsen med sin Carl-Gustav i sporterstock, men slutade \u00e4nd\u00e5 p\u00e5 en 6e plats av ca 20 t\u00e4vlande. P\u00e5 prispallen stod finska familjen Sj\u00f6str\u00f6m som delade p\u00e5 ett gev\u00e4r, n\u00e4rmare best\u00e4mt en fabriksbyggd Hart 6mm PPC fr\u00e5n USA.<\/p>\n<p>Under tiden Torsten var p\u00e5 \u00c5land s\u00e5 fick han blodad tand f\u00f6r en Hart b\u00f6ssa, dr\u00f6mmarna efter den p\u00e5gick i ungef\u00e4r 3 \u00e5r. Han inf\u00f6rskaffade d\u00e5 en Remington 40X Br, och en Tikka 55\u00a0kaliber 222 remington, monterad av Stenroos. Till en b\u00f6rjan var Torsten r\u00e4dd f\u00f6r att skaffa en PPC, just f\u00f6r att det ej fanns f\u00e4rdiga hylsor, det enda alternativet var Sakos 220 russian hylsor som dessutom var v\u00e4ldigt sv\u00e5ra att f\u00e5 tag p\u00e5.<\/p>\n<p>1988 anordnades den f\u00f6rsta Palmisano Cup t\u00e4vlingen i Lochte\u00e5, men Torsten hade ej vetskapen om att det skulle vara en t\u00e4vling d\u00e4r just d\u00e5, f\u00f6rst n\u00e4r t\u00e4vlingen var avbl\u00e5st och deltagarna var hemkommen fick Torsten h\u00f6ra via ryktesv\u00e4gar att en t\u00e4vling hade skjutits i Finland. S\u00e5 han h\u00f6ll \u00f6gon och \u00f6ron \u00f6ppna inf\u00f6r n\u00e4sta Palmisano Cup.<\/p>\n<p>1989 p\u00e5 v\u00e5ren lastade Torsten sin bil, med sig hade han sin far Lars, Remington 308 och 222an som Lars sk\u00f6t med, och \u00e5kte bottenviken runt \u00f6ver till Finland f\u00f6r att delta i 2a omg\u00e5ngen av Palmisano Cupen i Lochte\u00e5. P\u00e5 l\u00f6rdagen sk\u00f6ts en warm-up + 2 serier, och s\u00f6ndagen sk\u00f6t man de \u00f6vriga 3 serierna.<\/p>\n<p>Torsten gjorde bra ifr\u00e5n sig p\u00e5 l\u00f6rdagens skytte, och hade en 3e placering. Finnarna k\u00e4nde sig hotade av den unge svensken och hans far, s\u00e5 de bes\u00f6kte Torsten och Lars p\u00e5 hotellet de huserade p\u00e5 under helgen. D\u00e4r togs alla fula knep till f\u00f6r att f\u00e5 Torsten under bordet s\u00e5 han ej skulle ta hem segern p\u00e5 s\u00f6ndan. De lyckades lite grann, Torsten slutade p\u00e5 en topp 20 placering av ca 60 t\u00e4vlande.<\/p>\n<p>Det var otroligt fina prisbord p\u00e5 den tiden, med vapen, kikarsikten och pipor.<\/p>\n<p>Vintern 1991 s\u00e5 k\u00f6pte Torsten sig en Hart-b\u00f6ssa, som \u00e4n idag \u00e4r en favorit. Samma \u00e5r gick f\u00f6rsta VM t\u00e4vlingen av stapeln i Frankrike. Men det gav inga st\u00f6rre framg\u00e5ngar f\u00f6r de svenska skyttarna som bestod av ; Torsten &amp; Lars \u00c5str\u00f6m, Donald Andersson, Anita Andersson, Mats Hellman, Per Herman, Bengt Nilsson, Anders Nilsson och Gustav Lund\u00e9n. T\u00e4vlingen var proffesionellt utf\u00f6rd av arrang\u00f6rerna. 300m t\u00e4vlingen var sv\u00e5r, d\u00e5 alla vindflaggorna hade bl\u00e5st omkull. Torsten tyckte det var riktigt roligt att delta i den h\u00e4r t\u00e4vlingen d\u00e5 han fick tr\u00e4ffa legenderna som var med i t\u00e4vlingen ; Walt Berger, Tony Boyer, Dr Louis Palmisano som var delaktig i PPC-hylsans uppkomst, var \u00e4ven Palmisano som sk\u00e4nkte det vandringspriset f\u00f6r Palmisano cupen som \u00e4n i dag vandrar runt. Att n\u00e4mna s\u00e5 \u00e4r det Stefan Karlsson, Ume\u00e5 som sist tog hem pokalen, och kommer \u00e4ven f\u00f6rsvara den p\u00e5 n\u00e4sta Palmisano t\u00e4vling som g\u00e5r av stapeln 24 April 2010. Palmisano anordnas alltid sista helgen i April i Finlands Lochte\u00e5 . I \u00e5r s\u00e5 blir det 21 g\u00e5ngen i rad som Torsten deltar i Palmisano.\u00a0 \u00a0\u00a0<\/p>\n<p>1992 tog Torsten revansch p\u00e5 Palmisano och vann den cupen, han hade ett grand agg. p\u00e5 ca 7mm 5&#215;5 serier.\u00a0<\/p>\n<p>F\u00f6rsta EM:et Torsten deltog p\u00e5 var 1993 i Fredriksberg. Bo Pettersson tog guld p\u00e5 two-gun t\u00e4vlingen , det var Bo:s f\u00f6rsta stora bedrift, d\u00e5 han var relativt ny i sporten s\u00e5 gjorde han riktigt bra ifr\u00e5n sig.<\/p>\n<p>Vid det h\u00e4r laget s\u00e5 har Torsten hunnit bli en fullgod skytt som kunde det mesta och har koll p\u00e5 sina prylar.<\/p>\n<p>Genom \u00e5rens g\u00e5ng har han rest runt i v\u00e4rlden och t\u00e4vlat b\u00e5de i EM och VM. Jag fr\u00e5gade Torsten om han har n\u00e5gon s\u00e4rskild medalj som han \u00e4r s\u00e4rskilt n\u00f6jd \u00f6ver, med tanke p\u00e5 alla t\u00e4vlingar han deltagit i och hamnat p\u00e5 prispallen,\u00a0 han tog d\u00e5 fram en VM-brons medalj 300 yard som han tog i Phoenix-Arizona 1997.<\/p>\n<p>N\u00e4mnv\u00e4rt \u00e4r att redan 1994 p\u00e5 palmisano var det 50 t\u00e4vlande med ett grand agg. under 10mm.<\/p>\n<p>Torsten sj\u00e4lv tycker att i dagsl\u00e4get skjuts det inte s\u00e5 mycket b\u00e4ttre \u00e4n vad man gjorde n\u00e4r han b\u00f6rjade med skyttet. Det \u00e4r sv\u00e5rt att s\u00e4ga vad det beror p\u00e5, men han tror att man sk\u00f6t och exprimenterade och tr\u00e4nade mera tidigare \u00e4n vad man g\u00f6r nu.<\/p>\n<p>T.ex veckan innan Palmisano \u00e5r 1992 skulle g\u00e5 av stapeln, tog Torsten ledigt och tillbringade hela dagarna p\u00e5 skjutbanan f\u00f6r att tr\u00e4na.<\/p>\n<p>2001 s\u00e5 b\u00f6rjade han tillverka egna kulor och det visade sig att de egna kulorna sk\u00f6t riktigt bra n\u00e4r han deltog p\u00e5 VM i Nya Zealand.<\/p>\n<p>I dagsl\u00e4get s\u00e5 kan man om det finns p\u00e5 lager, k\u00f6pa kulor av Torsten.<\/p>\n<p>Under den h\u00e4r intervjun jag var hos Torsten, s\u00e5 blev han v\u00e4ldigt nostalgisk och visade filmer fr\u00e5n diverse t\u00e4vlingar, och plockade fram lite medaljer och historier runt dom. Vi skrattade en hel del \u00e5t tokigheter som han \u00e5terber\u00e4ttade.<\/p>\n<p>\u00c4r det s\u00e5 att ni vill veta mera, s\u00e5 tror jag att Torsten g\u00e4rna delar med sig av sina erfarenheter och vetskaper han samlat p\u00e5 sig under \u00e5rens g\u00e5ng.<\/p>\n<p>\/\/ Sandra<\/p>\n<p><a href=\"http:\/\/www.benchrest.se\/wp-content\/uploads\/2011\/07\/torsten-1b.jpg\"><img decoding=\"async\" loading=\"lazy\" class=\"alignleft size-full wp-image-168\" title=\"torsten-1b\" src=\"http:\/\/www.benchrest.se\/wp-content\/uploads\/2011\/07\/torsten-1b.jpg\" alt=\"\" width=\"452\" height=\"381\" srcset=\"http:\/\/www.benchrest.se\/wp-content\/uploads\/2011\/07\/torsten-1b.jpg 452w, http:\/\/www.benchrest.se\/wp-content\/uploads\/2011\/07\/torsten-1b-300x252.jpg 300w, http:\/\/www.benchrest.se\/wp-content\/uploads\/2011\/07\/torsten-1b-355x300.jpg 355w\" sizes=\"(max-width: 452px) 100vw, 452px\" \/><\/a><br \/>\nTorsten \u00c5str\u00f6m<\/p>\n","protected":false},"excerpt":{"rendered":"<p>Det finns en del som har funderat \u00f6ver hur b\u00e4nkskyttet egentligen kom till Sverige och blev en sport. Jag har sj\u00e4lv funderat lite \u00f6ver det, s\u00e5 jag beslutade mig att \u00e5ka ut till Torsten \u00c5str\u00f6m och intervjua honom, om hur &hellip; <a href=\"http:\/\/www.benchrest.se\/?page_id=157\">Forts\u00e4tt l\u00e4sa <span class=\"meta-nav\">&rarr;<\/span><\/a><\/p>\n","protected":false},"author":2,"featured_media":0,"parent":0,"menu_order":0,"comment_status":"closed","ping_status":"open","template":"","meta":[],"_links":{"self":[{"href":"http:\/\/www.benchrest.se\/index.php?rest_route=\/wp\/v2\/pages\/157"}],"collection":[{"href":"http:\/\/www.benchrest.se\/index.php?rest_route=\/wp\/v2\/pages"}],"about":[{"href":"http:\/\/www.benchrest.se\/index.php?rest_route=\/wp\/v2\/types\/page"}],"author":[{"embeddable":true,"href":"http:\/\/www.benchrest.se\/index.php?rest_route=\/wp\/v2\/users\/2"}],"replies":[{"embeddable":true,"href":"http:\/\/www.benchrest.se\/index.php?rest_route=%2Fwp%2Fv2%2Fcomments&post=157"}],"version-history":[{"count":21,"href":"http:\/\/www.benchrest.se\/index.php?rest_route=\/wp\/v2\/pages\/157\/revisions"}],"predecessor-version":[{"id":561,"href":"http:\/\/www.benchrest.se\/index.php?rest_route=\/wp\/v2\/pages\/157\/revisions\/561"}],"wp:attachment":[{"href":"http:\/\/www.benchrest.se\/index.php?rest_route=%2Fwp%2Fv2%2Fmedia&parent=157"}],"curies":[{"name":"wp","href":"https:\/\/api.w.org\/{rel}","templated":true}]}}