{"id":1476,"date":"2014-05-21T20:04:09","date_gmt":"2014-05-21T18:04:09","guid":{"rendered":"http:\/\/www.benchrest.se\/?page_id=1476"},"modified":"2014-05-21T20:04:09","modified_gmt":"2014-05-21T18:04:09","slug":"sm-2014-safsen","status":"publish","type":"page","link":"http:\/\/www.benchrest.se\/?page_id=1476","title":{"rendered":"SM 2014 S\u00e4fsen"},"content":{"rendered":"<p>Resultat fr\u00e5n SM 2014 i S\u00e4fsen Light Varmint + resultat i Jk och Sporter<\/p>\n<p><a href=\"http:\/\/www.benchrest.se\/?wpfb_dl=4\" target=\"_blank\">LV100<\/a><br \/>\n<a href=\"http:\/\/www.benchrest.se\/?wpfb_dl=5\" target=\"_blank\">LV200<\/a><br \/>\n<a href=\"http:\/\/www.benchrest.se\/?wpfb_dl=6\" target=\"_blank\">LV Agg<\/a><br \/>\n<a href=\"http:\/\/www.benchrest.se\/?wpfb_dl=7\" target=\"_blank\">LV lag<\/a><br \/>\n<a href=\"http:\/\/www.benchrest.se\/?wpfb_dl=8\" target=\"_blank\">Sp100<\/a><br \/>\n<a href=\"http:\/\/www.benchrest.se\/?wpfb_dl=9\" target=\"_blank\">Sp200<\/a><br \/>\n<a href=\"http:\/\/www.benchrest.se\/?wpfb_dl=10\" target=\"_blank\">Sp Agg<\/a><br \/>\n<a href=\"http:\/\/www.benchrest.se\/?wpfb_dl=1\" target=\"_blank\">Jk100<\/a><br \/>\n<a href=\"http:\/\/www.benchrest.se\/?wpfb_dl=2\" target=\"_blank\">Jk200<\/a><br \/>\n<a href=\"http:\/\/www.benchrest.se\/?wpfb_dl=3\" target=\"_blank\">Jk Agg<\/a><\/p>\n","protected":false},"excerpt":{"rendered":"<p>Resultat fr\u00e5n SM 2014 i S\u00e4fsen Light Varmint + resultat i Jk och Sporter LV100 LV200 LV Agg LV lag Sp100 Sp200 Sp Agg Jk100 Jk200 Jk Agg<\/p>\n","protected":false},"author":2,"featured_media":0,"parent":0,"menu_order":0,"comment_status":"closed","ping_status":"open","template":"","meta":[],"_links":{"self":[{"href":"http:\/\/www.benchrest.se\/index.php?rest_route=\/wp\/v2\/pages\/1476"}],"collection":[{"href":"http:\/\/www.benchrest.se\/index.php?rest_route=\/wp\/v2\/pages"}],"about":[{"href":"http:\/\/www.benchrest.se\/index.php?rest_route=\/wp\/v2\/types\/page"}],"author":[{"embeddable":true,"href":"http:\/\/www.benchrest.se\/index.php?rest_route=\/wp\/v2\/users\/2"}],"replies":[{"embeddable":true,"href":"http:\/\/www.benchrest.se\/index.php?rest_route=%2Fwp%2Fv2%2Fcomments&post=1476"}],"version-history":[{"count":1,"href":"http:\/\/www.benchrest.se\/index.php?rest_route=\/wp\/v2\/pages\/1476\/revisions"}],"predecessor-version":[{"id":1477,"href":"http:\/\/www.benchrest.se\/index.php?rest_route=\/wp\/v2\/pages\/1476\/revisions\/1477"}],"wp:attachment":[{"href":"http:\/\/www.benchrest.se\/index.php?rest_route=%2Fwp%2Fv2%2Fmedia&parent=1476"}],"curies":[{"name":"wp","href":"https:\/\/api.w.org\/{rel}","templated":true}]}}