{"id":1404,"date":"2013-11-23T18:51:52","date_gmt":"2013-11-23T16:51:52","guid":{"rendered":"http:\/\/www.benchrest.se\/?page_id=1404"},"modified":"2013-11-23T19:56:27","modified_gmt":"2013-11-23T17:56:27","slug":"fly-shoot","status":"publish","type":"page","link":"http:\/\/www.benchrest.se\/?page_id=1404","title":{"rendered":"Fly Shoot"},"content":{"rendered":"<p><strong>Fly Shoot 500 m.<\/strong><\/p>\n<p>I Australien d\u00f6k det upp en lite ny och udda skyttegren p\u00e5 90-talet.<br \/>\nDet var en form av po\u00e4ng-b\u00e4nkskytte p\u00e5 500 m.<br \/>\nI mitten av tavlans ringning \u00e4r en fluga tryckt som \u00e4r knappt en tum l\u00e5ng.<br \/>\nDet ska f\u00f6rest\u00e4lla en sk march fly, n\u00e5got som kan liknas med v\u00e5ra bromsar.<br \/>\nTr\u00e4ffar i flugan resulterar i en sk &#8221;fly patch&#8221;, det \u00e4r ett tygm\u00e4rke som \u00e4r<br \/>\nett bevis p\u00e5 att man \u00e4r en &#8221;fly shooter&#8221;.<br \/>\nTr\u00e4ffar man flugan fler \u00e4n en g\u00e5ng under t\u00e4vlingen st\u00e5r det en siffra p\u00e5<br \/>\ntygm\u00e4rket med antal tr\u00e4ff.<br \/>\nJag blev biten av marchflugan h\u00e4r nere!<\/p>\n<p><strong>Text och foto: Stefan Karlsson<\/strong><\/p>\n<p>Australiensarnas flugskytte p\u00e5 500 m \u00e4r en rej\u00e4l utmaning f\u00f6r den som ger<br \/>\nsig p\u00e5 denna skyttegren.<br \/>\nMen trots att man i \u00e4rlighetens namn m\u00e5ste erk\u00e4nna att det \u00e4r ett r\u00e4tt sv\u00e5rt<br \/>\nskytte \u00e4r det s\u00e5 intressant och roligt att det hela tiden dyker upp nya skyttar<br \/>\nh\u00e4r nere i Australien som testar p\u00e5 skytteformen med helt vanliga jaktb\u00f6ssor!<br \/>\nReglerna \u00e4r relativt enkla och dessutom tryckta p\u00e5 sj\u00e4lva skjuttavlan.<br \/>\nFlugskyttet \u00e4r en officiell skyttegren inom SSAA, som Australiens<br \/>\nsportskytteorganitation heter.<br \/>\nF\u00f6rsta t\u00e4vlingen f\u00f6r flugskyttarna sk\u00f6ts i Canberra runt 1990 och t\u00e4vlingsformen<br \/>\n\u00e4r f\u00f6rh\u00e5llandevis popul\u00e4r h\u00e4r i Australien i dagsl\u00e4get.<br \/>\nJust nu samlar flugskyttet mer skyttar \u00e4n LV\/HV t\u00e4vlingarna g\u00f6r, m\u00e5nga fly shoots<br \/>\nhar mer \u00e4n 50 deltagare.<\/p>\n<p><strong>Enkla regler.<\/strong><\/p>\n<p>F\u00f6r att slippa diskussioner och antaganden n\u00e4r det g\u00e4ller reglerna valde de som<br \/>\nintroducerad flugskyttet att trycka reglerna p\u00e5 tavlan.<br \/>\nDet finns tv\u00e5 klasser, fri klass och l\u00e4tt klass. \u00c4ven kallad l\u00e4tt och tung klass.<br \/>\nReglerna \u00e4r likartade i b\u00e5da klasserna f\u00f6rutom viktbegr\u00e4nsningen i l\u00e4tta klassen<br \/>\noch det faktum att man f\u00e5r skjuta med benst\u00f6d i l\u00e4tta klassen.<br \/>\nVikten \u00e4r drygt 7 kg f\u00f6r dom l\u00e4tta b\u00f6ssorna, inkl ev benst\u00f6d.<br \/>\nMaxkaliber \u00e4r .50 B\u00f6ssorna f\u00e5r inte vara av typen &#8221;rail gun&#8221;, dvs det m\u00e5ste vara<br \/>\nett vapen som skjuts fr\u00e5n sands\u00e4ckar.<br \/>\nBakre och fr\u00e4mre st\u00f6det f\u00e5r inte heller sitta ihop. Inga mynningsbromsar \u00e4r till\u00e5tna.<br \/>\nDet \u00e4r inga regler f\u00f6r hur kolven ska se ut i \u00f6vrigt.<br \/>\nT\u00e4vlingen skjuts i formatet en warm up (prov\/inskjutningsserie) och sen 5&#215;5 t\u00e4vlingsskott.<br \/>\nResultatet presenteras som po\u00e4ng men det finns bonuspo\u00e4ng att h\u00e4mta med en liten<br \/>\ntr\u00e4ffbild med. En liten tr\u00e4ffbild ger n\u00e5gra extra po\u00e4ng att l\u00e4gga till i totalen.<\/p>\n<p><strong>Medhj\u00e4lpare.<\/strong><\/p>\n<p>Skytten f\u00e5r ha en sk &#8221;spotter&#8221; vid b\u00e4nken som hj\u00e4lper till att se vad som h\u00e4nder p\u00e5<br \/>\ntavlan med en m\u00e5lkikare.<br \/>\nVarje skytt f\u00e5r tre provskott till f\u00f6rfogande f\u00f6r varje serie, man f\u00e5r bara ta med<br \/>\n\u00e5tta skott till b\u00e4nken inf\u00f6r varje omg\u00e5ng.<br \/>\nProvskotten skjuts vanligtvis p\u00e5 en vitm\u00e5lad st\u00e5lskiva som h\u00e4nger vid t\u00e4vlingstavlan.<br \/>\nDetta medger att man ser var skotten tr\u00e4ffar \u00e4ven i n\u00e4stan alla v\u00e4der och mirage.<br \/>\nP\u00e5 t\u00e4vlingstavlan \u00e4r det dock betydligt sv\u00e5rare att se skotth\u00e5l p\u00e5 500 m&#8230;..<br \/>\nDetta inneb\u00e4r att medhj\u00e4lparens arbete \u00e4r viktigt. Man kan i bland f\u00f6lja kulans virvel<br \/>\ngenom luften och p\u00e5 s\u00e5 s\u00e4tt se vart p\u00e5 tavlan kulan tr\u00e4ffar men det kr\u00e4vs en bra<br \/>\nm\u00e5lkikare och viss rutin f\u00f6r att detta ska vara en s\u00e4ker metod.<br \/>\nDe flesta har en nedskalad tavla p\u00e5 b\u00e4nken d\u00e4r man kan visa med en penna, n\u00e5l eller<br \/>\nannat var tr\u00e4ffarna sitter.<br \/>\nSpottern hj\u00e4lper i en del fall till med vindl\u00e4sningen med. \u00c4r det en nyb\u00f6rjare med \u00e4r<br \/>\ndetta ett utm\u00e4rkt s\u00e4tt att f\u00e5 skytten att k\u00e4nna sig lite tryggare och ha en rutinerad<br \/>\nskytt vid sidan som medhj\u00e4lpare g\u00f6r att steget att testa inte k\u00e4nns s\u00e5 stort.<\/p>\n<p><strong>Kalibertaktik.<\/strong><\/p>\n<p>N\u00e4r det g\u00e4ller valet av patron till denna form av skytte \u00e4r det tv\u00e5 faktorer som \u00e4r viktiga.<br \/>\nBra precision \u00e4r en given faktor i kombination med liten p\u00e5verkan av vinden.<br \/>\nDen andra faktor som spelar extremt stor roll \u00e4r f\u00f6rm\u00e5gan att se kulh\u00e5l p\u00e5 500 m!<br \/>\nDetta g\u00f6r att man ser topp optik p\u00e5 b\u00f6ssorna som \u00e4gs av h\u00e5rt satsande skyttar.<br \/>\nStora h\u00e5l underl\u00e4ttar givetvis och d\u00e4rf\u00f6r \u00e4r .30 ganska popul\u00e4r inom fria klassen i<br \/>\nflugskyttet.<br \/>\nDet \u00e4r rej\u00e4l skillnad i &#8221;uppt\u00e4ckbarhet&#8221; mellan 6 mm och .30 p\u00e5 tavlan!<br \/>\nJag spottade \u00e5t Stuart och Annie Elliot p\u00e5 den t\u00e4vling jag sk\u00f6t i Brisbane i november<br \/>\n2013. Annie sk\u00f6t med en 300 WSM och Stuart med en 6 mm Dasher.<br \/>\nNu var m\u00e5lkikaren inte n\u00e5gon toppkikare direkt m\u00e5ste jag erk\u00e4nna men det var p\u00e5taglig<br \/>\nskillnad mellan 6 mm och .30!<br \/>\nN\u00e4r v\u00e4rmen kom in efter f\u00f6rsta serien hade jag i stort sett tappat kontrollen \u00f6ver vad<br \/>\nStuart gjorde med sin Dasher, Annie d\u00e4remot kunde jag f\u00f6lja utan st\u00f6rre problem trots<br \/>\njobbig mirage!<\/p>\n<p><strong>Optik.<\/strong><\/p>\n<p>Stuart och Annie Elliot \u00e4r distribut\u00f6rer av March kikare och det i kombination med att<br \/>\nb\u00e5da \u00e4r starkt engagerade i det mesta skyttet som handlar om precision i kombination<br \/>\nmed ett kikarsikte h\u00e4r nere g\u00f6r att det sitter Marchkikare p\u00e5 m\u00e5nga &#8221;Fly guns&#8221; h\u00e4r nere!<br \/>\nJag kikade runt i b\u00e5de Nightforce b\u00e4nkkikare och deras mer &#8221;taktiska&#8221; serie NSX och<br \/>\nskillnaden i uppl\u00f6sning och f\u00f6rm\u00e5ga att se kulh\u00e5len mot Marchkikarna var i \u00e4rlighetens<br \/>\nnamn till Nightforces f\u00f6rdel i en del fall.<br \/>\nDessa kikare var inte inst\u00e4llda efter mina \u00f6gon b\u00f6r till\u00e4ggas!<br \/>\nMarchkikarnas extrema f\u00f6rstoringar, upp till 80 x, kan inte utnyttjas \u00e4ven om det var<br \/>\nextremt ljust.<br \/>\nDet kommer helt enkelt inte in nog mycket ljus i kikaren och siktbilden blir m\u00f6rk.<br \/>\nDetta beror \u00e4ven p\u00e5 banans beskaffenhet och omgivningar.<br \/>\nP\u00e5 andra banor kan h\u00f6gre f\u00f6rstoring funka och underl\u00e4tta skyttet.<br \/>\nJag hade en 8-80x March p\u00e5 b\u00f6ssan jag sk\u00f6t med och p\u00e5 morgonen n\u00e4r miragen inte<br \/>\nvar s\u00e5 p\u00e5taglig hade jag den p\u00e5 runt 60 x men senare var jag tvungen att g\u00e5 ner till<br \/>\nrunt 45-50 x f\u00f6r att f\u00e5 maximal kontrast.<\/p>\n<p><strong>Man blir smart med en bra b\u00f6ssa!<\/strong><\/p>\n<p>B\u00f6ssan jag l\u00e5nade av Stuart Elliot f\u00f6r denna t\u00e4vling var en tung pj\u00e4s i 300 Win Mag.<br \/>\nL\u00e5set var ett sleevat vanligt kort Remington 700.<br \/>\nMycket jobb \u00e4r dock lagt p\u00e5 l\u00e5set och enbart l\u00e5set med sina dubbla st\u00e5lsleevar v\u00e4ger 6kg!<br \/>\nAllting satt b\u00e4ddat i en McMillan Big .50 med en st\u00e5lplatta monterad b\u00e5de under fram<br \/>\noch bakstock med axlar monterade som b\u00f6ssan gled p\u00e5 i st\u00f6den.<br \/>\nB\u00f6ssan v\u00e4ger n\u00e4rmare 30 kg och rekylen \u00e4r mindre \u00e4n med en 6 PPC i HV trots att jag<br \/>\nsk\u00f6t med 200 gr Berger hybrids i god fart!<br \/>\nPipan \u00e4r en Maddco med 1-10&#8243; stigning. B\u00f6ssan skjuter fruktansv\u00e4rt bra och jag<br \/>\nlyckades med konststycket att vinna tunga klassen och komma tv\u00e5a totalt.<br \/>\nHan som vann l\u00e4tta klassen hade samma po\u00e4ng som jag men hade tr\u00e4ffat fler flugor s\u00e5<br \/>\nhan tog totalen. Jag lyckades tr\u00e4ffa tv\u00e5 flugor under dagen och m\u00e5let var att f\u00f6rs\u00f6ka<br \/>\natt i alla fall tr\u00e4ffa en under dagen s\u00e5 slutresultatet var l\u00e5ngt \u00f6ver min f\u00f6rv\u00e4ntan!<\/p>\n<p><strong>Fly shoot i Sverige?<\/strong><\/p>\n<p>Givetvis blir man ju lite sporrad av dels framg\u00e5ng och en helt ny form av roligt skytte!<br \/>\nTanken \u00e4r att vi ska testa att skjuta en fly shoot p\u00e5 500 m banan i S\u00e4var strax norr om<br \/>\nUme\u00e5 n\u00e4sta sommar 2014.<br \/>\nVi kan i stort sett kopiera f\u00f6ruts\u00e4ttningarna som finns h\u00e4r nere i Australien f\u00f6rutom<br \/>\nst\u00e5lpl\u00e5ten som anv\u00e4nds som provtavla m\u00e5ste ers\u00e4ttas med n\u00e5got annat.<br \/>\nVi f\u00e5r inte skjuta p\u00e5 st\u00e5lm\u00e5l i S\u00e4var och dessutom skulle vi f\u00f6rst\u00f6ra tavelst\u00e4llet om vi<br \/>\npepprade det med mantelrester.<br \/>\nReglerna medger att man skjuter p\u00e5 papper p\u00e5 provtavlan men jag funderar p\u00e5 att m\u00e5la<br \/>\ntex svart kanalplast vit och p\u00e5 s\u00e5 s\u00e4tt f\u00e5 en liknande effekt som en st\u00e5lplatta ger.<br \/>\nEn vitm\u00e5lad kanalplast ger en svart ros runt kulh\u00e5let som syns bra p\u00e5 500 m.<br \/>\nLite mer arbete under sj\u00e4lva t\u00e4vlingen men \u00e5 andra sidan bra mycket billigare \u00e4n 6 st<br \/>\nhardoxpl\u00e5tar som ska sk\u00e4ras ut och monteras upp!<\/p>\n<p><strong>F\u00f6ruts\u00e4ttningar.<\/strong><\/p>\n<p>Jag tror det kan komma att bli ett visst intresse f\u00f6r denna form av skytte eftersom det<br \/>\nsporrar den som ska skjuta att ta med en kompis som observat\u00f6r.<br \/>\nDet g\u00f6r att fler kanske inte k\u00e4nner en oro att testa n\u00e5t nytt n\u00e4r man f\u00e5r skjuta i lag<br \/>\nmed n\u00e5n man k\u00e4nner och \u00e4r bekv\u00e4m med.<br \/>\nSj\u00e4lva lagarbetet tyckte jag var v\u00e4ldigt kul och inspirerande, det finns inte i s\u00e5<br \/>\nm\u00e5nga andra skytteformer.<br \/>\nMan kan uppleva det lite p\u00e5 VM och EM i viss m\u00e5n n\u00e4r man f\u00f6rs\u00f6ker hj\u00e4lpa, eller f\u00e5<br \/>\nhj\u00e4lp av sina lagkamrater n\u00e4r det \u00e4r LV\/HV t\u00e4vling.<br \/>\nDet \u00e4r \u00e4ven helt perfekt f\u00f6r nyb\u00f6rjaren (vilket alla Skandinaver \u00e4r p\u00e5 flugskyttet) d\u00e5<br \/>\nman kan f\u00e5 st\u00f6d och hj\u00e4lp av den som sitter j\u00e4mte p\u00e5 b\u00e4nken och kollar genom m\u00e5lkikaren.<br \/>\nGivetvis agerar vi som kommer arrangera t\u00e4vlingen medhj\u00e4lpare vid b\u00e4nken till den som<br \/>\nkommer ensam och inte k\u00e4nner n\u00e5gon p\u00e5 plats!<br \/>\nDenna typ av hj\u00e4lp vid b\u00e4nken under t\u00e4vling \u00e4r inte till\u00e5tet inom det b\u00e4nkskytte vi \u00e4r<br \/>\nvana med att skjuta hemma i Sverige.<br \/>\nVi kanske skulle ta och fundera p\u00e5 om vi skulle inf\u00f6ra faddersystem, som i f\u00e4ltskyttet,<br \/>\nf\u00f6r de som \u00e4r nyb\u00f6rjare \u00e4ven i de b\u00e4nkskytteklasser vi redan skjuter<\/p>\n<p><strong>Varmt och sk\u00f6nt!<\/strong><\/p>\n<p>Jag som skriver dessa rader sitter nu i skuggan p\u00e5 baksidan av Stuart och Annie Elliots<br \/>\nhus i utkanten av Brisbane. Det \u00e4r v\u00e4l \u00f6ver 30 C i skuggan och poolen ser v\u00e4ldigt<br \/>\ninbjudande ut!<\/p>\n<p>Jag kommer tillbringa det mesta av den svenska vintern h\u00e4r nere i v\u00e4rme och sol och<br \/>\njag tr\u00e4ffar hela tiden nya trevliga b\u00e4nkskyttar h\u00e4r p\u00e5 sm\u00e5 och stora t\u00e4vlingar.<br \/>\nVi ses till sommaren hemmavid p\u00e5 n\u00e5gon skjutbana!<br \/>\nB\u00f6rja planera f\u00f6r ett f\u00f6rsta flugskytte p\u00e5 500 m i S\u00e4var till sommaren!<\/p>\n<p>Den 300 Win Mag jag sk\u00f6t med i Brisbanes fly shoot.<br \/>\n<img decoding=\"async\" src=\"http:\/\/www.benchrest.se\/wp-content\/uploads\/2013\/11\/fs-1.jpeg\" alt=\"\" \/><\/p>\n<p>Reglerna som \u00e4r tryckta p\u00e5 tavlan.<br \/>\n<img decoding=\"async\" src=\"http:\/\/www.benchrest.se\/wp-content\/uploads\/2013\/11\/fs-2.jpeg\" alt=\"\" \/><\/p>\n<p>Vanliga jaktb\u00f6ssor s\u00e5gs p\u00e5 b\u00e4nkarna j\u00e4mte rena specialb\u00f6ssor!<br \/>\n<img decoding=\"async\" src=\"http:\/\/www.benchrest.se\/wp-content\/uploads\/2013\/11\/fs-3.jpeg\" alt=\"\" \/><\/p>\n<p>Les Fraiser, en av de b\u00e4sta flugskyttarna och drivande inom flugskyttet.<br \/>\nMycket sympatisk med!<br \/>\n<img decoding=\"async\" src=\"http:\/\/www.benchrest.se\/wp-content\/uploads\/2013\/11\/fs-4.jpeg\" alt=\"\" \/><\/p>\n<p>Provskottstavlan f\u00e5r ett f\u00e4rskt lager f\u00e4rg mellan serierna.<br \/>\n<img decoding=\"async\" src=\"http:\/\/www.benchrest.se\/wp-content\/uploads\/2013\/11\/fs-5.jpeg\" alt=\"\" \/><\/p>\n<p>Stefan Karlsson himself.<br \/>\n<img decoding=\"async\" src=\"http:\/\/www.benchrest.se\/wp-content\/uploads\/2013\/11\/fs-6.jpeg\" alt=\"\" \/><\/p>\n<p>1 Flugtr\u00e4ff!<br \/>\n<img decoding=\"async\" src=\"http:\/\/www.benchrest.se\/wp-content\/uploads\/2013\/11\/fs-7.jpeg\" alt=\"\" \/><\/p>\n","protected":false},"excerpt":{"rendered":"<p>Fly Shoot 500 m. I Australien d\u00f6k det upp en lite ny och udda skyttegren p\u00e5 90-talet. Det var en form av po\u00e4ng-b\u00e4nkskytte p\u00e5 500 m. I mitten av tavlans ringning \u00e4r en fluga tryckt som \u00e4r knappt en tum &hellip; <a href=\"http:\/\/www.benchrest.se\/?page_id=1404\">Forts\u00e4tt l\u00e4sa <span class=\"meta-nav\">&rarr;<\/span><\/a><\/p>\n","protected":false},"author":2,"featured_media":0,"parent":0,"menu_order":0,"comment_status":"closed","ping_status":"open","template":"","meta":[],"_links":{"self":[{"href":"http:\/\/www.benchrest.se\/index.php?rest_route=\/wp\/v2\/pages\/1404"}],"collection":[{"href":"http:\/\/www.benchrest.se\/index.php?rest_route=\/wp\/v2\/pages"}],"about":[{"href":"http:\/\/www.benchrest.se\/index.php?rest_route=\/wp\/v2\/types\/page"}],"author":[{"embeddable":true,"href":"http:\/\/www.benchrest.se\/index.php?rest_route=\/wp\/v2\/users\/2"}],"replies":[{"embeddable":true,"href":"http:\/\/www.benchrest.se\/index.php?rest_route=%2Fwp%2Fv2%2Fcomments&post=1404"}],"version-history":[{"count":20,"href":"http:\/\/www.benchrest.se\/index.php?rest_route=\/wp\/v2\/pages\/1404\/revisions"}],"predecessor-version":[{"id":1434,"href":"http:\/\/www.benchrest.se\/index.php?rest_route=\/wp\/v2\/pages\/1404\/revisions\/1434"}],"wp:attachment":[{"href":"http:\/\/www.benchrest.se\/index.php?rest_route=%2Fwp%2Fv2%2Fmedia&parent=1404"}],"curies":[{"name":"wp","href":"https:\/\/api.w.org\/{rel}","templated":true}]}}