{"id":117,"date":"2011-07-10T21:12:51","date_gmt":"2011-07-10T20:12:51","guid":{"rendered":"http:\/\/wordpress.benchrest.se\/?page_id=117"},"modified":"2026-03-10T19:14:29","modified_gmt":"2026-03-10T18:14:29","slug":"klubbar","status":"publish","type":"page","link":"http:\/\/www.benchrest.se\/?page_id=117","title":{"rendered":"Klubbar"},"content":{"rendered":"\n<p>Ume\u00e5: Bo Petersson 0705186979   <br><br><br>J\u00f6nk\u00f6ping: Jonas Sandberg   <br><\/p>\n\n\n\n<p>Stockholm: <br><a href=\"http:\/\/www.benchrest.nu\/\">http:\/\/www.benchrest.nu\/<\/a> <\/p>\n\n\n\n<p> <br><\/p>\n\n\n\n<p><\/p>\n\n\n\n<p><\/p>\n","protected":false},"excerpt":{"rendered":"<p>Ume\u00e5: Bo Petersson 0705186979 J\u00f6nk\u00f6ping: Jonas Sandberg Stockholm: http:\/\/www.benchrest.nu\/<\/p>\n","protected":false},"author":2,"featured_media":0,"parent":0,"menu_order":0,"comment_status":"closed","ping_status":"open","template":"","meta":[],"_links":{"self":[{"href":"http:\/\/www.benchrest.se\/index.php?rest_route=\/wp\/v2\/pages\/117"}],"collection":[{"href":"http:\/\/www.benchrest.se\/index.php?rest_route=\/wp\/v2\/pages"}],"about":[{"href":"http:\/\/www.benchrest.se\/index.php?rest_route=\/wp\/v2\/types\/page"}],"author":[{"embeddable":true,"href":"http:\/\/www.benchrest.se\/index.php?rest_route=\/wp\/v2\/users\/2"}],"replies":[{"embeddable":true,"href":"http:\/\/www.benchrest.se\/index.php?rest_route=%2Fwp%2Fv2%2Fcomments&post=117"}],"version-history":[{"count":27,"href":"http:\/\/www.benchrest.se\/index.php?rest_route=\/wp\/v2\/pages\/117\/revisions"}],"predecessor-version":[{"id":3063,"href":"http:\/\/www.benchrest.se\/index.php?rest_route=\/wp\/v2\/pages\/117\/revisions\/3063"}],"wp:attachment":[{"href":"http:\/\/www.benchrest.se\/index.php?rest_route=%2Fwp%2Fv2%2Fmedia&parent=117"}],"curies":[{"name":"wp","href":"https:\/\/api.w.org\/{rel}","templated":true}]}}